{"id":34,"date":"2024-12-27T18:55:38","date_gmt":"2024-12-27T17:55:38","guid":{"rendered":"https:\/\/www.ziemann-hochzeit.de\/?page_id=34"},"modified":"2025-05-19T17:34:29","modified_gmt":"2025-05-19T15:34:29","slug":"startseite","status":"publish","type":"page","link":"https:\/\/www.ziemann-hochzeit.de\/","title":{"rendered":"Startseite"},"content":{"rendered":"\t\t<div data-elementor-type=\"wp-page\" data-elementor-id=\"34\" class=\"elementor elementor-34\">\n\t\t\t\t<div class=\"elementor-element elementor-element-26e2252 e-flex e-con-boxed e-con e-parent\" data-id=\"26e2252\" data-element_type=\"container\" data-settings=\"{&quot;background_background&quot;:&quot;classic&quot;}\">\n\t\t\t\t\t<div class=\"e-con-inner\">\n\t\t<div class=\"elementor-element elementor-element-e713949 e-con-full e-flex e-con e-child\" data-id=\"e713949\" data-element_type=\"container\">\n\t\t\t\t<div class=\"elementor-element elementor-element-c2d0b80 elementor-widget elementor-widget-heading\" data-id=\"c2d0b80\" data-element_type=\"widget\" data-settings=\"{&quot;_animation&quot;:&quot;none&quot;}\" data-widget_type=\"heading.default\">\n\t\t\t\t<div class=\"elementor-widget-container\">\n\t\t\t<h2 class=\"elementor-heading-title elementor-size-default\">Mich\u00e8le &amp; David<\/h2>\t\t<\/div>\n\t\t\t\t<\/div>\n\t\t\t\t<div class=\"elementor-element elementor-element-051b5c4 elementor-widget elementor-widget-image\" data-id=\"051b5c4\" data-element_type=\"widget\" data-settings=\"{&quot;_animation&quot;:&quot;none&quot;}\" data-widget_type=\"image.default\">\n\t\t\t\t<div class=\"elementor-widget-container\">\n\t\t\t\t\t\t\t\t\t\t\t\t\t<img decoding=\"async\" width=\"300\" height=\"75\" src=\"https:\/\/www.ziemann-hochzeit.de\/wp-content\/uploads\/2025\/02\/3-1-300x75.png\" class=\"attachment-medium size-medium wp-image-4308\" alt=\"\" srcset=\"https:\/\/www.ziemann-hochzeit.de\/wp-content\/uploads\/2025\/02\/3-1-300x75.png 300w, https:\/\/www.ziemann-hochzeit.de\/wp-content\/uploads\/2025\/02\/3-1-1024x256.png 1024w, https:\/\/www.ziemann-hochzeit.de\/wp-content\/uploads\/2025\/02\/3-1-768x192.png 768w, https:\/\/www.ziemann-hochzeit.de\/wp-content\/uploads\/2025\/02\/3-1-1536x384.png 1536w, https:\/\/www.ziemann-hochzeit.de\/wp-content\/uploads\/2025\/02\/3-1-2048x512.png 2048w\" sizes=\"(max-width: 300px) 100vw, 300px\" \/>\t\t\t\t\t\t\t\t\t\t\t\t\t<\/div>\n\t\t\t\t<\/div>\n\t\t\t\t<div class=\"elementor-element elementor-element-02844f8 elementor-widget elementor-widget-text-editor\" data-id=\"02844f8\" data-element_type=\"widget\" data-settings=\"{&quot;_animation&quot;:&quot;none&quot;}\" data-widget_type=\"text-editor.default\">\n\t\t\t\t<div class=\"elementor-widget-container\">\n\t\t\t\t\t\t\t<p>heiraten am<\/p>\t\t\t\t\t\t<\/div>\n\t\t\t\t<\/div>\n\t\t\t\t<div class=\"elementor-element elementor-element-6e15f2d elementor-widget elementor-widget-text-editor\" data-id=\"6e15f2d\" data-element_type=\"widget\" data-settings=\"{&quot;_animation&quot;:&quot;none&quot;}\" data-widget_type=\"text-editor.default\">\n\t\t\t\t<div class=\"elementor-widget-container\">\n\t\t\t\t\t\t\t<p>02. August 2025<\/p>\t\t\t\t\t\t<\/div>\n\t\t\t\t<\/div>\n\t\t\t\t<\/div>\n\t\t\t\t\t<\/div>\n\t\t\t\t<\/div>\n\t\t<div class=\"elementor-element elementor-element-e68f98a e-flex e-con-boxed e-con e-parent\" data-id=\"e68f98a\" data-element_type=\"container\" id=\"section-one\">\n\t\t\t\t\t<div class=\"e-con-inner\">\n\t\t<div class=\"elementor-element elementor-element-5eea3b6 e-con-full e-flex e-con e-child\" data-id=\"5eea3b6\" data-element_type=\"container\">\n\t\t\t\t<div class=\"elementor-element elementor-element-3641c10 elementor-widget elementor-widget-text-editor\" data-id=\"3641c10\" data-element_type=\"widget\" data-widget_type=\"text-editor.default\">\n\t\t\t\t<div class=\"elementor-widget-container\">\n\t\t\t\t\t\t\t<p><em>F\u00fcr immer ist nicht nur ein Versprechen, sondern eine Entscheidung, die wir jeden Tag neu treffen.<\/em><\/p>\t\t\t\t\t\t<\/div>\n\t\t\t\t<\/div>\n\t\t\t\t<div class=\"elementor-element elementor-element-e9533c5 elementor-widget elementor-widget-image\" data-id=\"e9533c5\" data-element_type=\"widget\" data-settings=\"{&quot;_animation&quot;:&quot;none&quot;}\" data-widget_type=\"image.default\">\n\t\t\t\t<div class=\"elementor-widget-container\">\n\t\t\t\t\t\t\t\t\t\t\t\t\t<img decoding=\"async\" width=\"300\" height=\"75\" src=\"https:\/\/www.ziemann-hochzeit.de\/wp-content\/uploads\/2025\/02\/1-1-300x75.png\" class=\"attachment-medium size-medium wp-image-4306\" alt=\"\" srcset=\"https:\/\/www.ziemann-hochzeit.de\/wp-content\/uploads\/2025\/02\/1-1-300x75.png 300w, https:\/\/www.ziemann-hochzeit.de\/wp-content\/uploads\/2025\/02\/1-1-1024x256.png 1024w, https:\/\/www.ziemann-hochzeit.de\/wp-content\/uploads\/2025\/02\/1-1-768x192.png 768w, https:\/\/www.ziemann-hochzeit.de\/wp-content\/uploads\/2025\/02\/1-1-1536x384.png 1536w, https:\/\/www.ziemann-hochzeit.de\/wp-content\/uploads\/2025\/02\/1-1-2048x512.png 2048w\" sizes=\"(max-width: 300px) 100vw, 300px\" \/>\t\t\t\t\t\t\t\t\t\t\t\t\t<\/div>\n\t\t\t\t<\/div>\n\t\t\t\t<div class=\"elementor-element elementor-element-08febe3 elementor-widget elementor-widget-text-editor\" data-id=\"08febe3\" data-element_type=\"widget\" data-widget_type=\"text-editor.default\">\n\t\t\t\t<div class=\"elementor-widget-container\">\n\t\t\t\t\t\t\t<p>\u00a0Liebe G\u00e4ste,<\/p><p>wir freuen uns schon sehr, diesen besonderen Tag gemeinsam mit euch zu verbringen.<\/p><p>Informationen zur standesamtlichen Trauung findet ihr <a href=\"https:\/\/www.ziemann-hochzeit.de\/?page_id=3311\">hier<\/a> und zur freien Trauung <a href=\"https:\/\/www.ziemann-hochzeit.de\/?page_id=3310\">hier<\/a>.<\/p><p>Bei Fragen schaut gerne unter den <a href=\"https:\/\/www.ziemann-hochzeit.de\/?page_id=3485\">FAQs<\/a> oder meldet euch bei uns.\u00a0<\/p><p>F\u00fcr die R\u00fcckmeldung k\u00f6nnt ihr gerne das\u00a0<a href=\"https:\/\/www.ziemann-hochzeit.de\/?page_id=3688\">Formular<\/a>\u00a0verwenden.<\/p><p>Dar\u00fcber hinaus ben\u00f6tigen wir noch ein paar zus\u00e4tzliche Informationen, z. B. zu eurer Begleitung oder m\u00f6glichen Unvertr\u00e4glichkeiten.<\/p>\t\t\t\t\t\t<\/div>\n\t\t\t\t<\/div>\n\t\t\t\t<div class=\"elementor-element elementor-element-701f211 elementor-widget elementor-widget-image\" data-id=\"701f211\" data-element_type=\"widget\" data-settings=\"{&quot;_animation&quot;:&quot;none&quot;}\" data-widget_type=\"image.default\">\n\t\t\t\t<div class=\"elementor-widget-container\">\n\t\t\t\t\t\t\t\t\t\t\t\t\t<img decoding=\"async\" width=\"300\" height=\"75\" src=\"https:\/\/www.ziemann-hochzeit.de\/wp-content\/uploads\/2025\/02\/1-1-300x75.png\" class=\"attachment-medium size-medium wp-image-4306\" alt=\"\" srcset=\"https:\/\/www.ziemann-hochzeit.de\/wp-content\/uploads\/2025\/02\/1-1-300x75.png 300w, https:\/\/www.ziemann-hochzeit.de\/wp-content\/uploads\/2025\/02\/1-1-1024x256.png 1024w, https:\/\/www.ziemann-hochzeit.de\/wp-content\/uploads\/2025\/02\/1-1-768x192.png 768w, https:\/\/www.ziemann-hochzeit.de\/wp-content\/uploads\/2025\/02\/1-1-1536x384.png 1536w, https:\/\/www.ziemann-hochzeit.de\/wp-content\/uploads\/2025\/02\/1-1-2048x512.png 2048w\" sizes=\"(max-width: 300px) 100vw, 300px\" \/>\t\t\t\t\t\t\t\t\t\t\t\t\t<\/div>\n\t\t\t\t<\/div>\n\t\t\t\t<div class=\"elementor-element elementor-element-619e69a elementor-widget elementor-widget-text-editor\" data-id=\"619e69a\" data-element_type=\"widget\" data-widget_type=\"text-editor.default\">\n\t\t\t\t<div class=\"elementor-widget-container\">\n\t\t\t\t\t\t\t<p>\u00a0<\/p><p><strong>Bitte gebt uns bis zum 05. Mai 2025 eine R\u00fcckmeldung, ob ihr dabei sein k\u00f6nnt.<\/strong><\/p>\t\t\t\t\t\t<\/div>\n\t\t\t\t<\/div>\n\t\t\t\t<\/div>\n\t\t\t\t\t<\/div>\n\t\t\t\t<\/div>\n\t\t<div class=\"elementor-element elementor-element-ecbdff0 e-flex e-con-boxed e-con e-parent\" data-id=\"ecbdff0\" data-element_type=\"container\" data-settings=\"{&quot;background_background&quot;:&quot;classic&quot;}\">\n\t\t\t\t\t<div class=\"e-con-inner\">\n\t\t<div class=\"elementor-element elementor-element-f9805e2 e-con-full e-flex e-con e-child\" data-id=\"f9805e2\" data-element_type=\"container\">\n\t\t\t\t<div class=\"elementor-element elementor-element-631832e elementor-widget elementor-widget-heading\" data-id=\"631832e\" data-element_type=\"widget\" data-settings=\"{&quot;_animation&quot;:&quot;none&quot;}\" data-widget_type=\"heading.default\">\n\t\t\t\t<div class=\"elementor-widget-container\">\n\t\t\t<h3 class=\"elementor-heading-title elementor-size-default\">Save the Date<\/h3>\t\t<\/div>\n\t\t\t\t<\/div>\n\t\t\t\t<div class=\"elementor-element elementor-element-98a46e5 elementor-invisible elementor-widget elementor-widget-image\" data-id=\"98a46e5\" data-element_type=\"widget\" data-settings=\"{&quot;_animation&quot;:&quot;fadeIn&quot;}\" data-widget_type=\"image.default\">\n\t\t\t\t<div class=\"elementor-widget-container\">\n\t\t\t\t\t\t\t\t\t\t\t\t\t<img decoding=\"async\" width=\"300\" height=\"75\" src=\"https:\/\/www.ziemann-hochzeit.de\/wp-content\/uploads\/2025\/02\/3-1-300x75.png\" class=\"attachment-medium size-medium wp-image-4308\" alt=\"\" srcset=\"https:\/\/www.ziemann-hochzeit.de\/wp-content\/uploads\/2025\/02\/3-1-300x75.png 300w, https:\/\/www.ziemann-hochzeit.de\/wp-content\/uploads\/2025\/02\/3-1-1024x256.png 1024w, https:\/\/www.ziemann-hochzeit.de\/wp-content\/uploads\/2025\/02\/3-1-768x192.png 768w, https:\/\/www.ziemann-hochzeit.de\/wp-content\/uploads\/2025\/02\/3-1-1536x384.png 1536w, https:\/\/www.ziemann-hochzeit.de\/wp-content\/uploads\/2025\/02\/3-1-2048x512.png 2048w\" sizes=\"(max-width: 300px) 100vw, 300px\" \/>\t\t\t\t\t\t\t\t\t\t\t\t\t<\/div>\n\t\t\t\t<\/div>\n\t\t<div class=\"elementor-element elementor-element-e4b83b5 e-con-full e-flex e-con e-child\" data-id=\"e4b83b5\" data-element_type=\"container\">\n\t\t<div class=\"elementor-element elementor-element-1debb1a e-con-full e-flex elementor-invisible e-con e-child\" data-id=\"1debb1a\" data-element_type=\"container\" data-settings=\"{&quot;background_background&quot;:&quot;classic&quot;,&quot;animation&quot;:&quot;fadeIn&quot;}\">\n\t\t\t\t<div class=\"elementor-element elementor-element-f106941 elementor-widget elementor-widget-image\" data-id=\"f106941\" data-element_type=\"widget\" data-widget_type=\"image.default\">\n\t\t\t\t<div class=\"elementor-widget-container\">\n\t\t\t\t\t\t\t\t\t\t\t\t\t<img decoding=\"async\" width=\"60\" height=\"60\" src=\"https:\/\/www.ziemann-hochzeit.de\/wp-content\/uploads\/2024\/12\/Kalenderkleiner-1.png\" class=\"attachment-large size-large wp-image-3635\" alt=\"\" \/>\t\t\t\t\t\t\t\t\t\t\t\t\t<\/div>\n\t\t\t\t<\/div>\n\t\t\t\t<div class=\"elementor-element elementor-element-92303ef elementor-widget elementor-widget-heading\" data-id=\"92303ef\" data-element_type=\"widget\" data-widget_type=\"heading.default\">\n\t\t\t\t<div class=\"elementor-widget-container\">\n\t\t\t<h3 class=\"elementor-heading-title elementor-size-default\">Standesamt<\/h3>\t\t<\/div>\n\t\t\t\t<\/div>\n\t\t\t\t<div class=\"elementor-element elementor-element-dd0c077 elementor-widget-divider--view-line elementor-widget elementor-widget-divider\" data-id=\"dd0c077\" data-element_type=\"widget\" data-widget_type=\"divider.default\">\n\t\t\t\t<div class=\"elementor-widget-container\">\n\t\t\t\t\t<div class=\"elementor-divider\">\n\t\t\t<span class=\"elementor-divider-separator\">\n\t\t\t\t\t\t<\/span>\n\t\t<\/div>\n\t\t\t\t<\/div>\n\t\t\t\t<\/div>\n\t\t\t\t<div class=\"elementor-element elementor-element-a8cea5c elementor-widget elementor-widget-text-editor\" data-id=\"a8cea5c\" data-element_type=\"widget\" data-widget_type=\"text-editor.default\">\n\t\t\t\t<div class=\"elementor-widget-container\">\n\t\t\t\t\t\t\t<p>30. Juli 2025<\/p>\t\t\t\t\t\t<\/div>\n\t\t\t\t<\/div>\n\t\t\t\t<div class=\"elementor-element elementor-element-1e03117 elementor-widget-divider--view-line elementor-widget elementor-widget-divider\" data-id=\"1e03117\" data-element_type=\"widget\" data-widget_type=\"divider.default\">\n\t\t\t\t<div class=\"elementor-widget-container\">\n\t\t\t\t\t<div class=\"elementor-divider\">\n\t\t\t<span class=\"elementor-divider-separator\">\n\t\t\t\t\t\t<\/span>\n\t\t<\/div>\n\t\t\t\t<\/div>\n\t\t\t\t<\/div>\n\t\t\t\t<div class=\"elementor-element elementor-element-4394da6 elementor-widget elementor-widget-text-editor\" data-id=\"4394da6\" data-element_type=\"widget\" data-widget_type=\"text-editor.default\">\n\t\t\t\t<div class=\"elementor-widget-container\">\n\t\t\t\t\t\t\t<p>Hofcaf\u00e9 im H\u00f6lderlinhaus<\/p>\t\t\t\t\t\t<\/div>\n\t\t\t\t<\/div>\n\t\t\t\t<div class=\"elementor-element elementor-element-ec51753 elementor-widget elementor-widget-text-editor\" data-id=\"ec51753\" data-element_type=\"widget\" data-widget_type=\"text-editor.default\">\n\t\t\t\t<div class=\"elementor-widget-container\">\n\t\t\t\t\t\t\t<p>Nordheimer Stra\u00dfe 5<br \/>74348 Lauffen am Neckar<\/p>\t\t\t\t\t\t<\/div>\n\t\t\t\t<\/div>\n\t\t\t\t<div class=\"elementor-element elementor-element-001ba88 elementor-align-center elementor-widget elementor-widget-button\" data-id=\"001ba88\" data-element_type=\"widget\" data-widget_type=\"button.default\">\n\t\t\t\t<div class=\"elementor-widget-container\">\n\t\t\t\t\t\t\t<div class=\"elementor-button-wrapper\">\n\t\t\t\t\t<a class=\"elementor-button elementor-button-link elementor-size-sm\" href=\"https:\/\/www.google.de\/maps\/place\/H%C3%B6lderlinhaus+Lauffen+am+Neckar\/@49.0795693,9.1529507,17z\/data=!3m1!4b1!4m6!3m5!1s0x47982b58d0d7f163:0xc6d062ba386e1b91!8m2!3d49.0795693!4d9.1529507!16s%2Fg%2F11hfv35xq5!5m2!1e4!1e3?entry=ttu&#038;g_ep=EgoyMDI1MDUxMy4xIKXMDSoJLDEwMjExNDUzSAFQAw%3D%3D\" target=\"_blank\">\n\t\t\t\t\t\t<span class=\"elementor-button-content-wrapper\">\n\t\t\t\t\t\t\t\t\t<span class=\"elementor-button-text\">Auf der Karte ansehen<\/span>\n\t\t\t\t\t<\/span>\n\t\t\t\t\t<\/a>\n\t\t\t\t<\/div>\n\t\t\t\t\t\t<\/div>\n\t\t\t\t<\/div>\n\t\t\t\t<\/div>\n\t\t<div class=\"elementor-element elementor-element-e19ace1 e-con-full e-flex elementor-invisible e-con e-child\" data-id=\"e19ace1\" data-element_type=\"container\" data-settings=\"{&quot;background_background&quot;:&quot;classic&quot;,&quot;animation&quot;:&quot;fadeIn&quot;}\">\n\t\t\t\t<div class=\"elementor-element elementor-element-bf5b2ab elementor-widget elementor-widget-image\" data-id=\"bf5b2ab\" data-element_type=\"widget\" data-widget_type=\"image.default\">\n\t\t\t\t<div class=\"elementor-widget-container\">\n\t\t\t\t\t\t\t\t\t\t\t\t\t<img decoding=\"async\" width=\"60\" height=\"60\" src=\"https:\/\/www.ziemann-hochzeit.de\/wp-content\/uploads\/2024\/12\/Kalenderkleiner-1.png\" class=\"attachment-large size-large wp-image-3635\" alt=\"\" \/>\t\t\t\t\t\t\t\t\t\t\t\t\t<\/div>\n\t\t\t\t<\/div>\n\t\t\t\t<div class=\"elementor-element elementor-element-8cee4da elementor-widget elementor-widget-heading\" data-id=\"8cee4da\" data-element_type=\"widget\" data-widget_type=\"heading.default\">\n\t\t\t\t<div class=\"elementor-widget-container\">\n\t\t\t<h3 class=\"elementor-heading-title elementor-size-default\">Freie Trauung<\/h3>\t\t<\/div>\n\t\t\t\t<\/div>\n\t\t\t\t<div class=\"elementor-element elementor-element-d97135d elementor-widget-divider--view-line elementor-widget elementor-widget-divider\" data-id=\"d97135d\" data-element_type=\"widget\" data-widget_type=\"divider.default\">\n\t\t\t\t<div class=\"elementor-widget-container\">\n\t\t\t\t\t<div class=\"elementor-divider\">\n\t\t\t<span class=\"elementor-divider-separator\">\n\t\t\t\t\t\t<\/span>\n\t\t<\/div>\n\t\t\t\t<\/div>\n\t\t\t\t<\/div>\n\t\t\t\t<div class=\"elementor-element elementor-element-f4cb1b4 elementor-widget elementor-widget-text-editor\" data-id=\"f4cb1b4\" data-element_type=\"widget\" data-widget_type=\"text-editor.default\">\n\t\t\t\t<div class=\"elementor-widget-container\">\n\t\t\t\t\t\t\t<p>02. August 2025<\/p>\t\t\t\t\t\t<\/div>\n\t\t\t\t<\/div>\n\t\t\t\t<div class=\"elementor-element elementor-element-9e66ead elementor-widget-divider--view-line elementor-widget elementor-widget-divider\" data-id=\"9e66ead\" data-element_type=\"widget\" data-widget_type=\"divider.default\">\n\t\t\t\t<div class=\"elementor-widget-container\">\n\t\t\t\t\t<div class=\"elementor-divider\">\n\t\t\t<span class=\"elementor-divider-separator\">\n\t\t\t\t\t\t<\/span>\n\t\t<\/div>\n\t\t\t\t<\/div>\n\t\t\t\t<\/div>\n\t\t\t\t<div class=\"elementor-element elementor-element-80ec865 elementor-widget elementor-widget-text-editor\" data-id=\"80ec865\" data-element_type=\"widget\" data-widget_type=\"text-editor.default\">\n\t\t\t\t<div class=\"elementor-widget-container\">\n\t\t\t\t\t\t\t<p>Restaurant Trappensee<\/p>\t\t\t\t\t\t<\/div>\n\t\t\t\t<\/div>\n\t\t\t\t<div class=\"elementor-element elementor-element-3c7e442 elementor-widget elementor-widget-text-editor\" data-id=\"3c7e442\" data-element_type=\"widget\" data-widget_type=\"text-editor.default\">\n\t\t\t\t<div class=\"elementor-widget-container\">\n\t\t\t\t\t\t\t<p>J\u00e4gerhausstra\u00dfe 159<br \/>74074 Heilbronn<\/p>\t\t\t\t\t\t<\/div>\n\t\t\t\t<\/div>\n\t\t\t\t<div class=\"elementor-element elementor-element-4b968b0 elementor-align-center elementor-widget elementor-widget-button\" data-id=\"4b968b0\" data-element_type=\"widget\" data-widget_type=\"button.default\">\n\t\t\t\t<div class=\"elementor-widget-container\">\n\t\t\t\t\t\t\t<div class=\"elementor-button-wrapper\">\n\t\t\t\t\t<a class=\"elementor-button elementor-button-link elementor-size-sm\" href=\"https:\/\/www.google.de\/maps\/place\/Restaurant+Trappensee\/@49.1383125,9.251098,17z\/data=!3m1!4b1!4m6!3m5!1s0x47982f9f113f61f7:0x7c46add7606cdc3!8m2!3d49.138309!4d9.2536729!16s%2Fg%2F11c3k68r88?entry=ttu&#038;g_ep=EgoyMDI0MTIxMS4wIKXMDSoASAFQAw%3D%3D\" target=\"_blank\">\n\t\t\t\t\t\t<span class=\"elementor-button-content-wrapper\">\n\t\t\t\t\t\t\t\t\t<span class=\"elementor-button-text\">Auf der Karte ansehen<\/span>\n\t\t\t\t\t<\/span>\n\t\t\t\t\t<\/a>\n\t\t\t\t<\/div>\n\t\t\t\t\t\t<\/div>\n\t\t\t\t<\/div>\n\t\t\t\t<\/div>\n\t\t<div class=\"elementor-element elementor-element-ff1e591 e-con-full e-flex elementor-invisible e-con e-child\" data-id=\"ff1e591\" data-element_type=\"container\" data-settings=\"{&quot;background_background&quot;:&quot;classic&quot;,&quot;animation&quot;:&quot;fadeIn&quot;}\">\n\t\t\t\t<div class=\"elementor-element elementor-element-669dc5a elementor-widget elementor-widget-image\" data-id=\"669dc5a\" data-element_type=\"widget\" data-widget_type=\"image.default\">\n\t\t\t\t<div class=\"elementor-widget-container\">\n\t\t\t\t\t\t\t\t\t\t\t\t\t<img loading=\"lazy\" decoding=\"async\" width=\"60\" height=\"60\" src=\"https:\/\/www.ziemann-hochzeit.de\/wp-content\/uploads\/2024\/12\/Hotelkleiner.png\" class=\"attachment-large size-large wp-image-3637\" alt=\"\" \/>\t\t\t\t\t\t\t\t\t\t\t\t\t<\/div>\n\t\t\t\t<\/div>\n\t\t\t\t<div class=\"elementor-element elementor-element-494ad3a elementor-widget elementor-widget-heading\" data-id=\"494ad3a\" data-element_type=\"widget\" data-widget_type=\"heading.default\">\n\t\t\t\t<div class=\"elementor-widget-container\">\n\t\t\t<h3 class=\"elementor-heading-title elementor-size-default\">\u00dcbernachtung<\/h3>\t\t<\/div>\n\t\t\t\t<\/div>\n\t\t\t\t<div class=\"elementor-element elementor-element-64ad6a9 elementor-widget-divider--view-line elementor-widget elementor-widget-divider\" data-id=\"64ad6a9\" data-element_type=\"widget\" data-widget_type=\"divider.default\">\n\t\t\t\t<div class=\"elementor-widget-container\">\n\t\t\t\t\t<div class=\"elementor-divider\">\n\t\t\t<span class=\"elementor-divider-separator\">\n\t\t\t\t\t\t<\/span>\n\t\t<\/div>\n\t\t\t\t<\/div>\n\t\t\t\t<\/div>\n\t\t\t\t<div class=\"elementor-element elementor-element-4d47ea3 elementor-widget elementor-widget-text-editor\" data-id=\"4d47ea3\" data-element_type=\"widget\" data-widget_type=\"text-editor.default\">\n\t\t\t\t<div class=\"elementor-widget-container\">\n\t\t\t\t\t\t\t<p>unser Vorschlag<\/p>\t\t\t\t\t\t<\/div>\n\t\t\t\t<\/div>\n\t\t\t\t<div class=\"elementor-element elementor-element-9ea7539 elementor-widget-divider--view-line elementor-widget elementor-widget-divider\" data-id=\"9ea7539\" data-element_type=\"widget\" data-widget_type=\"divider.default\">\n\t\t\t\t<div class=\"elementor-widget-container\">\n\t\t\t\t\t<div class=\"elementor-divider\">\n\t\t\t<span class=\"elementor-divider-separator\">\n\t\t\t\t\t\t<\/span>\n\t\t<\/div>\n\t\t\t\t<\/div>\n\t\t\t\t<\/div>\n\t\t\t\t<div class=\"elementor-element elementor-element-911fc66 elementor-widget elementor-widget-text-editor\" data-id=\"911fc66\" data-element_type=\"widget\" data-widget_type=\"text-editor.default\">\n\t\t\t\t<div class=\"elementor-widget-container\">\n\t\t\t\t\t\t\t<p>Parkhotel Heilbronn<\/p>\t\t\t\t\t\t<\/div>\n\t\t\t\t<\/div>\n\t\t\t\t<div class=\"elementor-element elementor-element-85c498d elementor-widget elementor-widget-text-editor\" data-id=\"85c498d\" data-element_type=\"widget\" data-widget_type=\"text-editor.default\">\n\t\t\t\t<div class=\"elementor-widget-container\">\n\t\t\t\t\t\t\t<p>Gymnasiumstra\u00dfe 71<br \/>74072 Heilbronn<\/p>\t\t\t\t\t\t<\/div>\n\t\t\t\t<\/div>\n\t\t\t\t<div class=\"elementor-element elementor-element-2ee8e44 elementor-align-center elementor-widget elementor-widget-button\" data-id=\"2ee8e44\" data-element_type=\"widget\" data-widget_type=\"button.default\">\n\t\t\t\t<div class=\"elementor-widget-container\">\n\t\t\t\t\t\t\t<div class=\"elementor-button-wrapper\">\n\t\t\t\t\t<a class=\"elementor-button elementor-button-link elementor-size-sm\" href=\"https:\/\/www.google.de\/maps\/place\/Parkhotel+Heilbronn\/@49.1422167,9.2217411,17z\/data=!3m1!4b1!4m9!3m8!1s0x47982f6a7544ada9:0x5ba4d1c6f7ebb647!5m2!4m1!1i2!8m2!3d49.1422132!4d9.224316!16s%2Fg%2F11h0mx1pqh?entry=ttu&#038;g_ep=EgoyMDI0MTIxMS4wIKXMDSoASAFQAw%3D%3D\" target=\"_blank\">\n\t\t\t\t\t\t<span class=\"elementor-button-content-wrapper\">\n\t\t\t\t\t\t\t\t\t<span class=\"elementor-button-text\">Auf der Karte ansehen<\/span>\n\t\t\t\t\t<\/span>\n\t\t\t\t\t<\/a>\n\t\t\t\t<\/div>\n\t\t\t\t\t\t<\/div>\n\t\t\t\t<\/div>\n\t\t\t\t<\/div>\n\t\t\t\t<\/div>\n\t\t\t\t<\/div>\n\t\t\t\t\t<\/div>\n\t\t\t\t<\/div>\n\t\t\t\t<\/div>\n\t\t","protected":false},"excerpt":{"rendered":"<p>Mich\u00e8le &amp; David heiraten am 02. August 2025 F\u00fcr immer ist nicht nur ein Versprechen, sondern eine Entscheidung, die wir jeden Tag neu treffen. \u00a0Liebe G\u00e4ste, wir freuen uns schon [&hellip;]<\/p>\n","protected":false},"author":1,"featured_media":0,"parent":0,"menu_order":0,"comment_status":"closed","ping_status":"closed","template":"elementor_header_footer","meta":{"breadcrumbs_single_post":"","page_title_panel":"","breadcrumbs_single_page":"","single_page_alignment":"","single_page_margin":"","page_structure_type":"","content_style_source":"","content_style":"","blog_post_streched_ed":"","blog_page_streched_ed":"","has_transparent_header":"","disable_transparent_header":"","vertical_spacing_source":"","content_area_spacing":"","single_post_content_background":"","single_page_content_background":"","single_post_boxed_content_spacing":"","single_page_boxed_content_spacing":"","single_post_content_boxed_radius":"","single_page_content_boxed_radius":"","disable_featured_image":"","disable_post_tags":"","disable_author_box":"","disable_posts_navigation":"","disable_comments":"","disable_related_posts":"","disable_header":"","disable_footer":"","footnotes":""},"class_list":["post-34","page","type-page","status-publish","hentry","rishi-post","no-post-thumbnail"],"_links":{"self":[{"href":"https:\/\/www.ziemann-hochzeit.de\/index.php?rest_route=\/wp\/v2\/pages\/34","targetHints":{"allow":["GET"]}}],"collection":[{"href":"https:\/\/www.ziemann-hochzeit.de\/index.php?rest_route=\/wp\/v2\/pages"}],"about":[{"href":"https:\/\/www.ziemann-hochzeit.de\/index.php?rest_route=\/wp\/v2\/types\/page"}],"author":[{"embeddable":true,"href":"https:\/\/www.ziemann-hochzeit.de\/index.php?rest_route=\/wp\/v2\/users\/1"}],"replies":[{"embeddable":true,"href":"https:\/\/www.ziemann-hochzeit.de\/index.php?rest_route=%2Fwp%2Fv2%2Fcomments&post=34"}],"version-history":[{"count":151,"href":"https:\/\/www.ziemann-hochzeit.de\/index.php?rest_route=\/wp\/v2\/pages\/34\/revisions"}],"predecessor-version":[{"id":4498,"href":"https:\/\/www.ziemann-hochzeit.de\/index.php?rest_route=\/wp\/v2\/pages\/34\/revisions\/4498"}],"wp:attachment":[{"href":"https:\/\/www.ziemann-hochzeit.de\/index.php?rest_route=%2Fwp%2Fv2%2Fmedia&parent=34"}],"curies":[{"name":"wp","href":"https:\/\/api.w.org\/{rel}","templated":true}]}}